{"id":1985,"date":"2025-04-10T00:29:23","date_gmt":"2025-04-09T22:29:23","guid":{"rendered":"https:\/\/besuitesgranada.es\/?page_id=1985"},"modified":"2025-04-10T17:20:26","modified_gmt":"2025-04-10T15:20:26","slug":"blog","status":"publish","type":"page","link":"https:\/\/besuitesgranada.es\/en\/blog\/","title":{"rendered":"Blog"},"content":{"rendered":"\t\t<div data-elementor-type=\"wp-page\" data-elementor-id=\"1985\" class=\"elementor elementor-1985\" data-elementor-post-type=\"page\">\n\t\t\t\t<div class=\"elementor-element elementor-element-2c38013a e-flex e-con-boxed e-con e-parent\" data-id=\"2c38013a\" data-element_type=\"container\" data-e-type=\"container\" data-settings=\"{&quot;background_background&quot;:&quot;classic&quot;}\">\n\t\t\t\t\t<div class=\"e-con-inner\">\n\t\t\t\t<div class=\"elementor-element elementor-element-15ff61eb elementor-widget-mobile__width-initial elementor-widget elementor-widget-heading\" data-id=\"15ff61eb\" data-element_type=\"widget\" data-e-type=\"widget\" data-widget_type=\"heading.default\">\n\t\t\t\t<div class=\"elementor-widget-container\">\n\t\t\t\t\t<h1 class=\"elementor-heading-title elementor-size-default\">Blog<\/h1>\t\t\t\t<\/div>\n\t\t\t\t<\/div>\n\t\t\t\t<div class=\"elementor-element elementor-element-37507fe0 elementor-widget-mobile__width-initial elementor-widget elementor-widget-heading\" data-id=\"37507fe0\" data-element_type=\"widget\" data-e-type=\"widget\" data-widget_type=\"heading.default\">\n\t\t\t\t<div class=\"elementor-widget-container\">\n\t\t\t\t\t<p class=\"elementor-heading-title elementor-size-default\">Granada - Espa\u00f1a donde la Historia Susurra entre las Monta\u00f1as de Sierra Nevada<\/p>\t\t\t\t<\/div>\n\t\t\t\t<\/div>\n\t\t\t\t\t<\/div>\n\t\t\t\t<\/div>\n\t\t<div class=\"elementor-element elementor-element-39fefaf e-flex e-con-boxed e-con e-parent\" data-id=\"39fefaf\" data-element_type=\"container\" data-e-type=\"container\">\n\t\t\t\t\t<div class=\"e-con-inner\">\n\t\t<div class=\"elementor-element elementor-element-e05621f e-con-full e-flex e-con e-child\" data-id=\"e05621f\" data-element_type=\"container\" data-e-type=\"container\" data-settings=\"{&quot;background_background&quot;:&quot;classic&quot;}\">\n\t\t\t\t<div class=\"elementor-element elementor-element-c3f5afa elementor-widget elementor-widget-image\" data-id=\"c3f5afa\" data-element_type=\"widget\" data-e-type=\"widget\" data-widget_type=\"image.default\">\n\t\t\t\t<div class=\"elementor-widget-container\">\n\t\t\t\t\t\t\t\t\t\t\t\t\t\t\t<img fetchpriority=\"high\" decoding=\"async\" width=\"700\" height=\"475\" src=\"https:\/\/besuitesgranada.es\/wp-content\/uploads\/2025\/04\/1-7.png\" class=\"attachment-full size-full wp-image-2203\" alt=\"\" srcset=\"https:\/\/besuitesgranada.es\/wp-content\/uploads\/2025\/04\/1-7.png 700w, https:\/\/besuitesgranada.es\/wp-content\/uploads\/2025\/04\/1-7-300x204.png 300w, https:\/\/besuitesgranada.es\/wp-content\/uploads\/2025\/04\/1-7-18x12.png 18w\" sizes=\"(max-width: 700px) 100vw, 700px\" \/>\t\t\t\t\t\t\t\t\t\t\t\t\t\t\t<\/div>\n\t\t\t\t<\/div>\n\t\t<div class=\"elementor-element elementor-element-f22a7d9 e-con-full e-flex e-con e-child\" data-id=\"f22a7d9\" data-element_type=\"container\" data-e-type=\"container\">\n\t\t\t\t<div class=\"elementor-element elementor-element-68c41f3 elementor-widget-mobile__width-initial elementor-widget elementor-widget-heading\" data-id=\"68c41f3\" data-element_type=\"widget\" data-e-type=\"widget\" data-widget_type=\"heading.default\">\n\t\t\t\t<div class=\"elementor-widget-container\">\n\t\t\t\t\t<h3 class=\"elementor-heading-title elementor-size-default\">Por qu\u00e9 visitar el Albaic\u00edn de Granada<\/h3>\t\t\t\t<\/div>\n\t\t\t\t<\/div>\n\t\t\t\t<div class=\"elementor-element elementor-element-1364d62 elementor-widget__width-initial elementor-widget elementor-widget-heading\" data-id=\"1364d62\" data-element_type=\"widget\" data-e-type=\"widget\" data-widget_type=\"heading.default\">\n\t\t\t\t<div class=\"elementor-widget-container\">\n\t\t\t\t\t<p class=\"elementor-heading-title elementor-size-default\">Ya te lo hemos chivado: para nosotros, visitar el Albaic\u00edn es, junto con visitar la Alhambra, uno de los b\u00e1sicos de una ruta por Granada. Se cree que el barrio naci\u00f3 en el siglo XI, con la llegada de los bereberes zir\u00edes, pero [...]<\/p>\t\t\t\t<\/div>\n\t\t\t\t<\/div>\n\t\t\t\t<div class=\"elementor-element elementor-element-b103482 elementor-widget elementor-widget-button\" data-id=\"b103482\" data-element_type=\"widget\" data-e-type=\"widget\" data-widget_type=\"button.default\">\n\t\t\t\t<div class=\"elementor-widget-container\">\n\t\t\t\t\t\t\t\t\t<div class=\"elementor-button-wrapper\">\n\t\t\t\t\t<a class=\"elementor-button elementor-button-link elementor-size-sm elementor-animation-grow\" href=\"https:\/\/besuitesgranada.es\/por-que-visitar-el-albaicin-de-granada\/\">\n\t\t\t\t\t\t<span class=\"elementor-button-content-wrapper\">\n\t\t\t\t\t\t\t\t\t<span class=\"elementor-button-text\">Leer m\u00e1s<\/span>\n\t\t\t\t\t<\/span>\n\t\t\t\t\t<\/a>\n\t\t\t\t<\/div>\n\t\t\t\t\t\t\t\t<\/div>\n\t\t\t\t<\/div>\n\t\t\t\t<\/div>\n\t\t\t\t<\/div>\n\t\t<div class=\"elementor-element elementor-element-26f729f e-con-full e-flex e-con e-child\" data-id=\"26f729f\" data-element_type=\"container\" data-e-type=\"container\" data-settings=\"{&quot;background_background&quot;:&quot;classic&quot;}\">\n\t\t\t\t<div class=\"elementor-element elementor-element-9c15fe4 elementor-widget elementor-widget-image\" data-id=\"9c15fe4\" data-element_type=\"widget\" data-e-type=\"widget\" data-widget_type=\"image.default\">\n\t\t\t\t<div class=\"elementor-widget-container\">\n\t\t\t\t\t\t\t\t\t\t\t\t\t\t\t<img decoding=\"async\" width=\"700\" height=\"475\" src=\"https:\/\/besuitesgranada.es\/wp-content\/uploads\/2025\/04\/3-8.png\" class=\"attachment-full size-full wp-image-2205\" alt=\"\" srcset=\"https:\/\/besuitesgranada.es\/wp-content\/uploads\/2025\/04\/3-8.png 700w, https:\/\/besuitesgranada.es\/wp-content\/uploads\/2025\/04\/3-8-300x204.png 300w, https:\/\/besuitesgranada.es\/wp-content\/uploads\/2025\/04\/3-8-18x12.png 18w\" sizes=\"(max-width: 700px) 100vw, 700px\" \/>\t\t\t\t\t\t\t\t\t\t\t\t\t\t\t<\/div>\n\t\t\t\t<\/div>\n\t\t<div class=\"elementor-element elementor-element-d6a96cd e-con-full e-flex e-con e-child\" data-id=\"d6a96cd\" data-element_type=\"container\" data-e-type=\"container\">\n\t\t\t\t<div class=\"elementor-element elementor-element-b0fb1ff elementor-widget-mobile__width-initial elementor-widget elementor-widget-heading\" data-id=\"b0fb1ff\" data-element_type=\"widget\" data-e-type=\"widget\" data-widget_type=\"heading.default\">\n\t\t\t\t<div class=\"elementor-widget-container\">\n\t\t\t\t\t<h3 class=\"elementor-heading-title elementor-size-default\">Lugares que ver en Granada<\/h3>\t\t\t\t<\/div>\n\t\t\t\t<\/div>\n\t\t\t\t<div class=\"elementor-element elementor-element-b730a7a elementor-widget__width-initial elementor-widget elementor-widget-heading\" data-id=\"b730a7a\" data-element_type=\"widget\" data-e-type=\"widget\" data-widget_type=\"heading.default\">\n\t\t\t\t<div class=\"elementor-widget-container\">\n\t\t\t\t\t<p class=\"elementor-heading-title elementor-size-default\">Los mejores lugares que ver en Granada es perfecta para no perderte nada de una de las ciudades con m\u00e1s interesantes y con m\u00e1s historia de Espa\u00f1a. Situada a los pies de Sierra Nevada [...]<\/p>\t\t\t\t<\/div>\n\t\t\t\t<\/div>\n\t\t\t\t<div class=\"elementor-element elementor-element-bd45877 elementor-widget elementor-widget-button\" data-id=\"bd45877\" data-element_type=\"widget\" data-e-type=\"widget\" data-widget_type=\"button.default\">\n\t\t\t\t<div class=\"elementor-widget-container\">\n\t\t\t\t\t\t\t\t\t<div class=\"elementor-button-wrapper\">\n\t\t\t\t\t<a class=\"elementor-button elementor-button-link elementor-size-sm elementor-animation-grow\" href=\"https:\/\/besuitesgranada.es\/lugares-que-ver-en-granada\/\">\n\t\t\t\t\t\t<span class=\"elementor-button-content-wrapper\">\n\t\t\t\t\t\t\t\t\t<span class=\"elementor-button-text\">Leer m\u00e1s<\/span>\n\t\t\t\t\t<\/span>\n\t\t\t\t\t<\/a>\n\t\t\t\t<\/div>\n\t\t\t\t\t\t\t\t<\/div>\n\t\t\t\t<\/div>\n\t\t\t\t<\/div>\n\t\t\t\t<\/div>\n\t\t<div class=\"elementor-element elementor-element-82d9bca e-con-full e-flex e-con e-child\" data-id=\"82d9bca\" data-element_type=\"container\" data-e-type=\"container\" data-settings=\"{&quot;background_background&quot;:&quot;classic&quot;}\">\n\t\t\t\t<div class=\"elementor-element elementor-element-c455585 elementor-widget elementor-widget-image\" data-id=\"c455585\" data-element_type=\"widget\" data-e-type=\"widget\" data-widget_type=\"image.default\">\n\t\t\t\t<div class=\"elementor-widget-container\">\n\t\t\t\t\t\t\t\t\t\t\t\t\t\t\t<img decoding=\"async\" width=\"700\" height=\"475\" src=\"https:\/\/besuitesgranada.es\/wp-content\/uploads\/2025\/04\/2-11.png\" class=\"attachment-full size-full wp-image-2204\" alt=\"\" srcset=\"https:\/\/besuitesgranada.es\/wp-content\/uploads\/2025\/04\/2-11.png 700w, https:\/\/besuitesgranada.es\/wp-content\/uploads\/2025\/04\/2-11-300x204.png 300w, https:\/\/besuitesgranada.es\/wp-content\/uploads\/2025\/04\/2-11-18x12.png 18w\" sizes=\"(max-width: 700px) 100vw, 700px\" \/>\t\t\t\t\t\t\t\t\t\t\t\t\t\t\t<\/div>\n\t\t\t\t<\/div>\n\t\t<div class=\"elementor-element elementor-element-c2698d0 e-con-full e-flex e-con e-child\" data-id=\"c2698d0\" data-element_type=\"container\" data-e-type=\"container\">\n\t\t\t\t<div class=\"elementor-element elementor-element-54ee9ca elementor-widget-mobile__width-initial elementor-widget elementor-widget-heading\" data-id=\"54ee9ca\" data-element_type=\"widget\" data-e-type=\"widget\" data-widget_type=\"heading.default\">\n\t\t\t\t<div class=\"elementor-widget-container\">\n\t\t\t\t\t<h3 class=\"elementor-heading-title elementor-size-default\">Lugares que ver en el Albaic\u00edn<\/h3>\t\t\t\t<\/div>\n\t\t\t\t<\/div>\n\t\t\t\t<div class=\"elementor-element elementor-element-501ab78 elementor-widget__width-initial elementor-widget elementor-widget-heading\" data-id=\"501ab78\" data-element_type=\"widget\" data-e-type=\"widget\" data-widget_type=\"heading.default\">\n\t\t\t\t<div class=\"elementor-widget-container\">\n\t\t\t\t\t<p class=\"elementor-heading-title elementor-size-default\">Con esta selecci\u00f3n de lugares que ver en el Albaic\u00edn saldr\u00e1s completamente enamorado de este precioso barrio granadino. Una gu\u00eda de las mejores cosas que visitar en Granada nunca estar\u00eda completa [...]<\/p>\t\t\t\t<\/div>\n\t\t\t\t<\/div>\n\t\t\t\t<div class=\"elementor-element elementor-element-ddc6c9b elementor-widget elementor-widget-button\" data-id=\"ddc6c9b\" data-element_type=\"widget\" data-e-type=\"widget\" data-widget_type=\"button.default\">\n\t\t\t\t<div class=\"elementor-widget-container\">\n\t\t\t\t\t\t\t\t\t<div class=\"elementor-button-wrapper\">\n\t\t\t\t\t<a class=\"elementor-button elementor-button-link elementor-size-sm elementor-animation-grow\" href=\"https:\/\/besuitesgranada.es\/lugares-que-ver-en-el-albaicin\/\">\n\t\t\t\t\t\t<span class=\"elementor-button-content-wrapper\">\n\t\t\t\t\t\t\t\t\t<span class=\"elementor-button-text\">Leer m\u00e1s<\/span>\n\t\t\t\t\t<\/span>\n\t\t\t\t\t<\/a>\n\t\t\t\t<\/div>\n\t\t\t\t\t\t\t\t<\/div>\n\t\t\t\t<\/div>\n\t\t\t\t<\/div>\n\t\t\t\t<\/div>\n\t\t\t\t\t<\/div>\n\t\t\t\t<\/div>\n\t\t\t\t<\/div>\n\t\t","protected":false},"excerpt":{"rendered":"<p>Blog Granada &#8211; Espa\u00f1a donde la Historia Susurra entre las Monta\u00f1as de Sierra Nevada Por qu\u00e9 visitar el Albaic\u00edn de [&hellip;]<\/p>\n","protected":false},"author":1,"featured_media":0,"parent":0,"menu_order":0,"comment_status":"closed","ping_status":"closed","template":"","meta":{"site-sidebar-layout":"no-sidebar","site-content-layout":"","ast-site-content-layout":"full-width-container","site-content-style":"default","site-sidebar-style":"default","ast-global-header-display":"","ast-banner-title-visibility":"","ast-main-header-display":"","ast-hfb-above-header-display":"","ast-hfb-below-header-display":"","ast-hfb-mobile-header-display":"","site-post-title":"disabled","ast-breadcrumbs-content":"","ast-featured-img":"disabled","footer-sml-layout":"","ast-disable-related-posts":"","theme-transparent-header-meta":"default","adv-header-id-meta":"","stick-header-meta":"","header-above-stick-meta":"","header-main-stick-meta":"","header-below-stick-meta":"","astra-migrate-meta-layouts":"set","ast-page-background-enabled":"default","ast-page-background-meta":{"desktop":{"background-color":"var(--ast-global-color-4)","background-image":"","background-repeat":"repeat","background-position":"center center","background-size":"auto","background-attachment":"scroll","background-type":"","background-media":"","overlay-type":"","overlay-color":"","overlay-opacity":"","overlay-gradient":""},"tablet":{"background-color":"","background-image":"","background-repeat":"repeat","background-position":"center center","background-size":"auto","background-attachment":"scroll","background-type":"","background-media":"","overlay-type":"","overlay-color":"","overlay-opacity":"","overlay-gradient":""},"mobile":{"background-color":"","background-image":"","background-repeat":"repeat","background-position":"center center","background-size":"auto","background-attachment":"scroll","background-type":"","background-media":"","overlay-type":"","overlay-color":"","overlay-opacity":"","overlay-gradient":""}},"ast-content-background-meta":{"desktop":{"background-color":"var(--ast-global-color-5)","background-image":"","background-repeat":"repeat","background-position":"center center","background-size":"auto","background-attachment":"scroll","background-type":"","background-media":"","overlay-type":"","overlay-color":"","overlay-opacity":"","overlay-gradient":""},"tablet":{"background-color":"var(--ast-global-color-5)","background-image":"","background-repeat":"repeat","background-position":"center center","background-size":"auto","background-attachment":"scroll","background-type":"","background-media":"","overlay-type":"","overlay-color":"","overlay-opacity":"","overlay-gradient":""},"mobile":{"background-color":"var(--ast-global-color-5)","background-image":"","background-repeat":"repeat","background-position":"center center","background-size":"auto","background-attachment":"scroll","background-type":"","background-media":"","overlay-type":"","overlay-color":"","overlay-opacity":"","overlay-gradient":""}},"footnotes":""},"class_list":["post-1985","page","type-page","status-publish","hentry"],"_links":{"self":[{"href":"https:\/\/besuitesgranada.es\/en\/wp-json\/wp\/v2\/pages\/1985","targetHints":{"allow":["GET"]}}],"collection":[{"href":"https:\/\/besuitesgranada.es\/en\/wp-json\/wp\/v2\/pages"}],"about":[{"href":"https:\/\/besuitesgranada.es\/en\/wp-json\/wp\/v2\/types\/page"}],"author":[{"embeddable":true,"href":"https:\/\/besuitesgranada.es\/en\/wp-json\/wp\/v2\/users\/1"}],"replies":[{"embeddable":true,"href":"https:\/\/besuitesgranada.es\/en\/wp-json\/wp\/v2\/comments?post=1985"}],"version-history":[{"count":112,"href":"https:\/\/besuitesgranada.es\/en\/wp-json\/wp\/v2\/pages\/1985\/revisions"}],"predecessor-version":[{"id":2239,"href":"https:\/\/besuitesgranada.es\/en\/wp-json\/wp\/v2\/pages\/1985\/revisions\/2239"}],"wp:attachment":[{"href":"https:\/\/besuitesgranada.es\/en\/wp-json\/wp\/v2\/media?parent=1985"}],"curies":[{"name":"Wordpress","href":"https:\/\/api.w.org\/{rel}","templated":true}]}}