{"id":2215,"date":"2025-04-10T17:15:00","date_gmt":"2025-04-10T15:15:00","guid":{"rendered":"https:\/\/besuitesgranada.es\/?page_id=2215"},"modified":"2025-04-10T17:17:42","modified_gmt":"2025-04-10T15:17:42","slug":"por-que-visitar-el-albaicin-de-granada","status":"publish","type":"page","link":"https:\/\/besuitesgranada.es\/en\/por-que-visitar-el-albaicin-de-granada\/","title":{"rendered":"Why visit the Albaicin of Granada?"},"content":{"rendered":"\t\t<div data-elementor-type=\"wp-page\" data-elementor-id=\"2215\" class=\"elementor elementor-2215\" data-elementor-post-type=\"page\">\n\t\t\t\t<div class=\"elementor-element elementor-element-190f49f5 e-flex e-con-boxed e-con e-parent\" data-id=\"190f49f5\" data-element_type=\"container\" data-e-type=\"container\">\n\t\t\t\t\t<div class=\"e-con-inner\">\n\t\t\t\t<div class=\"elementor-element elementor-element-4abec204 elementor-widget-mobile__width-initial elementor-widget elementor-widget-heading\" data-id=\"4abec204\" data-element_type=\"widget\" data-e-type=\"widget\" data-widget_type=\"heading.default\">\n\t\t\t\t<div class=\"elementor-widget-container\">\n\t\t\t\t\t<h1 class=\"elementor-heading-title elementor-size-default\">Blog<\/h1>\t\t\t\t<\/div>\n\t\t\t\t<\/div>\n\t\t\t\t<div class=\"elementor-element elementor-element-2d683404 elementor-widget-mobile__width-initial elementor-widget elementor-widget-heading\" data-id=\"2d683404\" data-element_type=\"widget\" data-e-type=\"widget\" data-widget_type=\"heading.default\">\n\t\t\t\t<div class=\"elementor-widget-container\">\n\t\t\t\t\t<p class=\"elementor-heading-title elementor-size-default\">Granada - Espa\u00f1a donde la Historia Susurra entre las Monta\u00f1as de Sierra Nevada<\/p>\t\t\t\t<\/div>\n\t\t\t\t<\/div>\n\t\t\t\t\t<\/div>\n\t\t\t\t<\/div>\n\t\t<div class=\"elementor-element elementor-element-37afe6a1 e-flex e-con-boxed e-con e-parent\" data-id=\"37afe6a1\" data-element_type=\"container\" data-e-type=\"container\">\n\t\t\t\t\t<div class=\"e-con-inner\">\n\t\t\t\t<div class=\"elementor-element elementor-element-1f9aed30 elementor-widget elementor-widget-image\" data-id=\"1f9aed30\" data-element_type=\"widget\" data-e-type=\"widget\" data-widget_type=\"image.default\">\n\t\t\t\t<div class=\"elementor-widget-container\">\n\t\t\t\t\t\t\t\t\t\t\t\t\t\t\t<img fetchpriority=\"high\" decoding=\"async\" width=\"1920\" height=\"533\" src=\"https:\/\/besuitesgranada.es\/wp-content\/uploads\/2025\/04\/Cicerone-Cabecera-Otras.jpg.webp\" class=\"attachment-full size-full wp-image-2019\" alt=\"\" srcset=\"https:\/\/besuitesgranada.es\/wp-content\/uploads\/2025\/04\/Cicerone-Cabecera-Otras.jpg.webp 1920w, https:\/\/besuitesgranada.es\/wp-content\/uploads\/2025\/04\/Cicerone-Cabecera-Otras.jpg-300x83.webp 300w, https:\/\/besuitesgranada.es\/wp-content\/uploads\/2025\/04\/Cicerone-Cabecera-Otras.jpg-1024x284.webp 1024w, https:\/\/besuitesgranada.es\/wp-content\/uploads\/2025\/04\/Cicerone-Cabecera-Otras.jpg-768x213.webp 768w, https:\/\/besuitesgranada.es\/wp-content\/uploads\/2025\/04\/Cicerone-Cabecera-Otras.jpg-1536x426.webp 1536w, https:\/\/besuitesgranada.es\/wp-content\/uploads\/2025\/04\/Cicerone-Cabecera-Otras.jpg-18x5.webp 18w\" sizes=\"(max-width: 1920px) 100vw, 1920px\" \/>\t\t\t\t\t\t\t\t\t\t\t\t\t\t\t<\/div>\n\t\t\t\t<\/div>\n\t\t\t\t\t<\/div>\n\t\t\t\t<\/div>\n\t\t<div class=\"elementor-element elementor-element-5bd4a1bb e-flex e-con-boxed e-con e-parent\" data-id=\"5bd4a1bb\" data-element_type=\"container\" data-e-type=\"container\">\n\t\t\t\t\t<div class=\"e-con-inner\">\n\t\t<div class=\"elementor-element elementor-element-5737fd1b e-con-full e-flex e-con e-child\" data-id=\"5737fd1b\" data-element_type=\"container\" data-e-type=\"container\">\n\t\t<div class=\"elementor-element elementor-element-3968d9f8 e-con-full e-flex e-con e-child\" data-id=\"3968d9f8\" data-element_type=\"container\" data-e-type=\"container\">\n\t\t\t\t<div class=\"elementor-element elementor-element-7abb3f50 elementor-widget-mobile__width-initial elementor-widget elementor-widget-heading\" data-id=\"7abb3f50\" data-element_type=\"widget\" data-e-type=\"widget\" data-widget_type=\"heading.default\">\n\t\t\t\t<div class=\"elementor-widget-container\">\n\t\t\t\t\t<h3 class=\"elementor-heading-title elementor-size-default\">Por qu\u00e9 visitar el Albaic\u00edn de Granada<\/h3>\t\t\t\t<\/div>\n\t\t\t\t<\/div>\n\t\t\t\t<div class=\"elementor-element elementor-element-2d7c2510 elementor-widget__width-initial elementor-widget elementor-widget-heading\" data-id=\"2d7c2510\" data-element_type=\"widget\" data-e-type=\"widget\" data-widget_type=\"heading.default\">\n\t\t\t\t<div class=\"elementor-widget-container\">\n\t\t\t\t\t<p class=\"elementor-heading-title elementor-size-default\">Ya te lo hemos chivado: para nosotros, visitar el Albaic\u00edn es, junto con visitar la Alhambra, uno de los b\u00e1sicos de una ruta por Granada.<br><br>Se cree que el barrio naci\u00f3 en el siglo XI, con la llegada de los bereberes zir\u00edes, pero, desde luego, junto con la Alhambra, el Realejo y el Arrabal de Bib-Arrambla, constituye uno de los n\u00facleos antiguos de la Granada musulmana. De hecho, el Albaic\u00edn conserva la trama urbana del per\u00edodo nazar\u00ed y lo notar\u00e1s r\u00e1pidamente cuando camines por \u00e9l. Se trata de un laberinto de calles estrechas que van desde su parte m\u00e1s alta (San Nicol\u00e1s) hasta la Plaza Nueva, donde se encuentran calles tan bonitas como la Carrera del Darro y la calle Elvira.<br><br>Sus c\u00e1rmenes son el claro ejemplo de la arquitectura de la \u00e9poca. Estas eran las viviendas tradicionales, rodeadas por un alto muro y con un huerto o jard\u00edn en su interior, que tambi\u00e9n aportaba frescor. Durante la \u00e9poca nazar\u00ed tambi\u00e9n se construyeron 28 aljibes, que daban agua a la poblaci\u00f3n. Muchos de ellos a\u00fan se conservan.<br><br>En definitiva, ver el Albaic\u00edn es caminar por siglos de historia.<\/p>\t\t\t\t<\/div>\n\t\t\t\t<\/div>\n\t\t\t\t<div class=\"elementor-element elementor-element-1d3e6b02 elementor-widget elementor-widget-image\" data-id=\"1d3e6b02\" data-element_type=\"widget\" data-e-type=\"widget\" data-widget_type=\"image.default\">\n\t\t\t\t<div class=\"elementor-widget-container\">\n\t\t\t\t\t\t\t\t\t\t\t\t\t\t\t<img decoding=\"async\" width=\"800\" height=\"531\" src=\"https:\/\/besuitesgranada.es\/wp-content\/uploads\/2025\/04\/que-ver-en-el-albaicin-granada-2.jpg\" class=\"attachment-full size-full wp-image-2002\" alt=\"\" srcset=\"https:\/\/besuitesgranada.es\/wp-content\/uploads\/2025\/04\/que-ver-en-el-albaicin-granada-2.jpg 800w, https:\/\/besuitesgranada.es\/wp-content\/uploads\/2025\/04\/que-ver-en-el-albaicin-granada-2-300x199.jpg 300w, https:\/\/besuitesgranada.es\/wp-content\/uploads\/2025\/04\/que-ver-en-el-albaicin-granada-2-768x510.jpg 768w, https:\/\/besuitesgranada.es\/wp-content\/uploads\/2025\/04\/que-ver-en-el-albaicin-granada-2-18x12.jpg 18w\" sizes=\"(max-width: 800px) 100vw, 800px\" \/>\t\t\t\t\t\t\t\t\t\t\t\t\t\t\t<\/div>\n\t\t\t\t<\/div>\n\t\t\t\t<div class=\"elementor-element elementor-element-379f16f2 elementor-widget__width-initial elementor-widget elementor-widget-heading\" data-id=\"379f16f2\" data-element_type=\"widget\" data-e-type=\"widget\" data-widget_type=\"heading.default\">\n\t\t\t\t<div class=\"elementor-widget-container\">\n\t\t\t\t\t<p class=\"elementor-heading-title elementor-size-default\">Calles del barrio del Albaic\u00edn en Granada<\/p>\t\t\t\t<\/div>\n\t\t\t\t<\/div>\n\t\t\t\t<\/div>\n\t\t\t\t<\/div>\n\t\t<div class=\"elementor-element elementor-element-c99295f e-con-full e-flex e-con e-child\" data-id=\"c99295f\" data-element_type=\"container\" data-e-type=\"container\">\n\t\t<div class=\"elementor-element elementor-element-5e856921 e-con-full e-flex e-con e-child\" data-id=\"5e856921\" data-element_type=\"container\" data-e-type=\"container\" data-settings=\"{&quot;sticky&quot;:&quot;top&quot;,&quot;sticky_on&quot;:[&quot;desktop&quot;,&quot;tablet&quot;],&quot;sticky_parent&quot;:&quot;yes&quot;,&quot;sticky_offset&quot;:0,&quot;sticky_effects_offset&quot;:0,&quot;sticky_anchor_link_offset&quot;:0}\">\n\t\t\t\t<div class=\"elementor-element elementor-element-707e357f elementor-widget elementor-widget-image\" data-id=\"707e357f\" data-element_type=\"widget\" data-e-type=\"widget\" data-widget_type=\"image.default\">\n\t\t\t\t<div class=\"elementor-widget-container\">\n\t\t\t\t\t\t\t\t\t\t\t\t\t\t\t<img decoding=\"async\" width=\"686\" height=\"386\" src=\"https:\/\/besuitesgranada.es\/wp-content\/uploads\/2025\/04\/hq720.jpg\" class=\"attachment-full size-full wp-image-2032\" alt=\"\" srcset=\"https:\/\/besuitesgranada.es\/wp-content\/uploads\/2025\/04\/hq720.jpg 686w, https:\/\/besuitesgranada.es\/wp-content\/uploads\/2025\/04\/hq720-300x169.jpg 300w, https:\/\/besuitesgranada.es\/wp-content\/uploads\/2025\/04\/hq720-18x10.jpg 18w\" sizes=\"(max-width: 686px) 100vw, 686px\" \/>\t\t\t\t\t\t\t\t\t\t\t\t\t\t\t<\/div>\n\t\t\t\t<\/div>\n\t\t\t\t<div class=\"elementor-element elementor-element-7596d0f1 elementor-widget elementor-widget-image\" data-id=\"7596d0f1\" data-element_type=\"widget\" data-e-type=\"widget\" data-widget_type=\"image.default\">\n\t\t\t\t<div class=\"elementor-widget-container\">\n\t\t\t\t\t\t\t\t\t\t\t\t\t\t\t<img loading=\"lazy\" decoding=\"async\" width=\"720\" height=\"420\" src=\"https:\/\/besuitesgranada.es\/wp-content\/uploads\/2025\/04\/tren-turistico-mapa.png\" class=\"attachment-full size-full wp-image-2034\" alt=\"\" srcset=\"https:\/\/besuitesgranada.es\/wp-content\/uploads\/2025\/04\/tren-turistico-mapa.png 720w, https:\/\/besuitesgranada.es\/wp-content\/uploads\/2025\/04\/tren-turistico-mapa-300x175.png 300w, https:\/\/besuitesgranada.es\/wp-content\/uploads\/2025\/04\/tren-turistico-mapa-18x12.png 18w\" sizes=\"(max-width: 720px) 100vw, 720px\" \/>\t\t\t\t\t\t\t\t\t\t\t\t\t\t\t<\/div>\n\t\t\t\t<\/div>\n\t\t\t\t<\/div>\n\t\t\t\t<\/div>\n\t\t\t\t\t<\/div>\n\t\t\t\t<\/div>\n\t\t\t\t<\/div>\n\t\t","protected":false},"excerpt":{"rendered":"<p>Blog Granada &#8211; Espa\u00f1a donde la Historia Susurra entre las Monta\u00f1as de Sierra Nevada Por qu\u00e9 visitar el Albaic\u00edn de [&hellip;]<\/p>\n","protected":false},"author":1,"featured_media":0,"parent":0,"menu_order":0,"comment_status":"closed","ping_status":"closed","template":"","meta":{"site-sidebar-layout":"no-sidebar","site-content-layout":"","ast-site-content-layout":"full-width-container","site-content-style":"default","site-sidebar-style":"default","ast-global-header-display":"","ast-banner-title-visibility":"","ast-main-header-display":"","ast-hfb-above-header-display":"","ast-hfb-below-header-display":"","ast-hfb-mobile-header-display":"","site-post-title":"disabled","ast-breadcrumbs-content":"","ast-featured-img":"disabled","footer-sml-layout":"","ast-disable-related-posts":"","theme-transparent-header-meta":"","adv-header-id-meta":"","stick-header-meta":"","header-above-stick-meta":"","header-main-stick-meta":"","header-below-stick-meta":"","astra-migrate-meta-layouts":"default","ast-page-background-enabled":"default","ast-page-background-meta":{"desktop":{"background-color":"var(--ast-global-color-4)","background-image":"","background-repeat":"repeat","background-position":"center center","background-size":"auto","background-attachment":"scroll","background-type":"","background-media":"","overlay-type":"","overlay-color":"","overlay-opacity":"","overlay-gradient":""},"tablet":{"background-color":"","background-image":"","background-repeat":"repeat","background-position":"center center","background-size":"auto","background-attachment":"scroll","background-type":"","background-media":"","overlay-type":"","overlay-color":"","overlay-opacity":"","overlay-gradient":""},"mobile":{"background-color":"","background-image":"","background-repeat":"repeat","background-position":"center center","background-size":"auto","background-attachment":"scroll","background-type":"","background-media":"","overlay-type":"","overlay-color":"","overlay-opacity":"","overlay-gradient":""}},"ast-content-background-meta":{"desktop":{"background-color":"var(--ast-global-color-5)","background-image":"","background-repeat":"repeat","background-position":"center center","background-size":"auto","background-attachment":"scroll","background-type":"","background-media":"","overlay-type":"","overlay-color":"","overlay-opacity":"","overlay-gradient":""},"tablet":{"background-color":"var(--ast-global-color-5)","background-image":"","background-repeat":"repeat","background-position":"center center","background-size":"auto","background-attachment":"scroll","background-type":"","background-media":"","overlay-type":"","overlay-color":"","overlay-opacity":"","overlay-gradient":""},"mobile":{"background-color":"var(--ast-global-color-5)","background-image":"","background-repeat":"repeat","background-position":"center center","background-size":"auto","background-attachment":"scroll","background-type":"","background-media":"","overlay-type":"","overlay-color":"","overlay-opacity":"","overlay-gradient":""}},"footnotes":""},"class_list":["post-2215","page","type-page","status-publish","hentry"],"_links":{"self":[{"href":"https:\/\/besuitesgranada.es\/en\/wp-json\/wp\/v2\/pages\/2215","targetHints":{"allow":["GET"]}}],"collection":[{"href":"https:\/\/besuitesgranada.es\/en\/wp-json\/wp\/v2\/pages"}],"about":[{"href":"https:\/\/besuitesgranada.es\/en\/wp-json\/wp\/v2\/types\/page"}],"author":[{"embeddable":true,"href":"https:\/\/besuitesgranada.es\/en\/wp-json\/wp\/v2\/users\/1"}],"replies":[{"embeddable":true,"href":"https:\/\/besuitesgranada.es\/en\/wp-json\/wp\/v2\/comments?post=2215"}],"version-history":[{"count":3,"href":"https:\/\/besuitesgranada.es\/en\/wp-json\/wp\/v2\/pages\/2215\/revisions"}],"predecessor-version":[{"id":2219,"href":"https:\/\/besuitesgranada.es\/en\/wp-json\/wp\/v2\/pages\/2215\/revisions\/2219"}],"wp:attachment":[{"href":"https:\/\/besuitesgranada.es\/en\/wp-json\/wp\/v2\/media?parent=2215"}],"curies":[{"name":"Wordpress","href":"https:\/\/api.w.org\/{rel}","templated":true}]}}