{"id":2223,"date":"2025-04-10T17:18:32","date_gmt":"2025-04-10T15:18:32","guid":{"rendered":"https:\/\/besuitesgranada.es\/?page_id=2223"},"modified":"2025-04-10T17:19:41","modified_gmt":"2025-04-10T15:19:41","slug":"lugares-que-ver-en-granada","status":"publish","type":"page","link":"https:\/\/besuitesgranada.es\/en\/lugares-que-ver-en-granada\/","title":{"rendered":"Places to see in Granada"},"content":{"rendered":"\t\t<div data-elementor-type=\"wp-page\" data-elementor-id=\"2223\" class=\"elementor elementor-2223\" data-elementor-post-type=\"page\">\n\t\t\t\t<div class=\"elementor-element elementor-element-58f29d72 e-flex e-con-boxed e-con e-parent\" data-id=\"58f29d72\" data-element_type=\"container\" data-e-type=\"container\">\n\t\t\t\t\t<div class=\"e-con-inner\">\n\t\t\t\t<div class=\"elementor-element elementor-element-5144a56b elementor-widget-mobile__width-initial elementor-widget elementor-widget-heading\" data-id=\"5144a56b\" data-element_type=\"widget\" data-e-type=\"widget\" data-widget_type=\"heading.default\">\n\t\t\t\t<div class=\"elementor-widget-container\">\n\t\t\t\t\t<h1 class=\"elementor-heading-title elementor-size-default\">Blog<\/h1>\t\t\t\t<\/div>\n\t\t\t\t<\/div>\n\t\t\t\t<div class=\"elementor-element elementor-element-1588f3e4 elementor-widget-mobile__width-initial elementor-widget elementor-widget-heading\" data-id=\"1588f3e4\" data-element_type=\"widget\" data-e-type=\"widget\" data-widget_type=\"heading.default\">\n\t\t\t\t<div class=\"elementor-widget-container\">\n\t\t\t\t\t<p class=\"elementor-heading-title elementor-size-default\">Granada - Espa\u00f1a donde la Historia Susurra entre las Monta\u00f1as de Sierra Nevada<\/p>\t\t\t\t<\/div>\n\t\t\t\t<\/div>\n\t\t\t\t\t<\/div>\n\t\t\t\t<\/div>\n\t\t<div class=\"elementor-element elementor-element-42678e65 e-flex e-con-boxed e-con e-parent\" data-id=\"42678e65\" data-element_type=\"container\" data-e-type=\"container\">\n\t\t\t\t\t<div class=\"e-con-inner\">\n\t\t\t\t<div class=\"elementor-element elementor-element-622da51e elementor-widget elementor-widget-image\" data-id=\"622da51e\" data-element_type=\"widget\" data-e-type=\"widget\" data-widget_type=\"image.default\">\n\t\t\t\t<div class=\"elementor-widget-container\">\n\t\t\t\t\t\t\t\t\t\t\t\t\t\t\t<img fetchpriority=\"high\" decoding=\"async\" width=\"1920\" height=\"533\" src=\"https:\/\/besuitesgranada.es\/wp-content\/uploads\/2025\/04\/Cicerone-Cabecera-Otras.jpg.webp\" class=\"attachment-full size-full wp-image-2019\" alt=\"\" srcset=\"https:\/\/besuitesgranada.es\/wp-content\/uploads\/2025\/04\/Cicerone-Cabecera-Otras.jpg.webp 1920w, https:\/\/besuitesgranada.es\/wp-content\/uploads\/2025\/04\/Cicerone-Cabecera-Otras.jpg-300x83.webp 300w, https:\/\/besuitesgranada.es\/wp-content\/uploads\/2025\/04\/Cicerone-Cabecera-Otras.jpg-1024x284.webp 1024w, https:\/\/besuitesgranada.es\/wp-content\/uploads\/2025\/04\/Cicerone-Cabecera-Otras.jpg-768x213.webp 768w, https:\/\/besuitesgranada.es\/wp-content\/uploads\/2025\/04\/Cicerone-Cabecera-Otras.jpg-1536x426.webp 1536w, https:\/\/besuitesgranada.es\/wp-content\/uploads\/2025\/04\/Cicerone-Cabecera-Otras.jpg-18x5.webp 18w\" sizes=\"(max-width: 1920px) 100vw, 1920px\" \/>\t\t\t\t\t\t\t\t\t\t\t\t\t\t\t<\/div>\n\t\t\t\t<\/div>\n\t\t\t\t\t<\/div>\n\t\t\t\t<\/div>\n\t\t<div class=\"elementor-element elementor-element-66bff9c7 e-flex e-con-boxed e-con e-parent\" data-id=\"66bff9c7\" data-element_type=\"container\" data-e-type=\"container\">\n\t\t\t\t\t<div class=\"e-con-inner\">\n\t\t<div class=\"elementor-element elementor-element-79a3c140 e-con-full e-flex e-con e-child\" data-id=\"79a3c140\" data-element_type=\"container\" data-e-type=\"container\">\n\t\t<div class=\"elementor-element elementor-element-7d7de752 e-con-full e-flex e-con e-child\" data-id=\"7d7de752\" data-element_type=\"container\" data-e-type=\"container\">\n\t\t\t\t<div class=\"elementor-element elementor-element-56db9802 elementor-widget-mobile__width-initial elementor-widget elementor-widget-heading\" data-id=\"56db9802\" data-element_type=\"widget\" data-e-type=\"widget\" data-widget_type=\"heading.default\">\n\t\t\t\t<div class=\"elementor-widget-container\">\n\t\t\t\t\t<h2 class=\"elementor-heading-title elementor-size-default\">Lugares que ver en Granada imprescindibles (mapa + itinerarios)<\/h2>\t\t\t\t<\/div>\n\t\t\t\t<\/div>\n\t\t\t\t<div class=\"elementor-element elementor-element-46b7a2e3 elementor-widget__width-initial elementor-widget elementor-widget-heading\" data-id=\"46b7a2e3\" data-element_type=\"widget\" data-e-type=\"widget\" data-widget_type=\"heading.default\">\n\t\t\t\t<div class=\"elementor-widget-container\">\n\t\t\t\t\t<p class=\"elementor-heading-title elementor-size-default\">Los mejores lugares que ver en Granada es perfecta para no perderte nada de una de las ciudades con m\u00e1s interesantes y con m\u00e1s historia de Espa\u00f1a.<br><br>Situada a los pies de Sierra Nevada, Granada fue un importante centro cultural y pol\u00edtico del Al-\u00c1ndalus y la \u00faltima reconquistada por los Reyes Cat\u00f3licos en 1492, dejando una gran huella que todav\u00eda permanece en muchos de sus edificios y monumentos como la incomparable Alhambra, una de las maravillas del mundo.<\/p>\t\t\t\t<\/div>\n\t\t\t\t<\/div>\n\t\t\t\t<div class=\"elementor-element elementor-element-46f4d371 elementor-widget__width-initial elementor-widget elementor-widget-heading\" data-id=\"46f4d371\" data-element_type=\"widget\" data-e-type=\"widget\" data-widget_type=\"heading.default\">\n\t\t\t\t<div class=\"elementor-widget-container\">\n\t\t\t\t\t<p class=\"elementor-heading-title elementor-size-default\">\u00bfCu\u00e1nto tiempo necesitas para visitar Granada? Para conocer los principales atractivos tur\u00edsticos de Granada y disfrutar de sus mejores experiencias con cierta tranquilidad, creemos que es necesario dedicar unos tres d\u00edas, aunque tambi\u00e9n es un destino perfecto para un fin de semana o ampliarlo un poco m\u00e1s y visitar alguna de las maravillas que la rodean.<br><br>Y, \u00bfcu\u00e1l es la mejor \u00e9poca?  Aunque puedes visitar la ciudad en cualquier momento del a\u00f1o, sin duda, la mejor \u00e9poca para viajar a Granada es en primavera y oto\u00f1o, ya que durante los meses de verano la temperatura sube por encima de los 30 grados y se hacen dif\u00edciles las visitas en las horas centrales del d\u00eda. Hay que tener en cuenta que dentro de la mejor \u00e9poca, si prefieres recorrer la ciudad con menos gente y evitar pagar demasiado en alojamiento, es recomendable evitar la Semana Santa, ya que esta es una de las festividades m\u00e1s importantes de Andaluc\u00eda.<\/p>\t\t\t\t<\/div>\n\t\t\t\t<\/div>\n\t\t\t\t<div class=\"elementor-element elementor-element-7adc762c elementor-widget-mobile__width-initial elementor-widget elementor-widget-heading\" data-id=\"7adc762c\" data-element_type=\"widget\" data-e-type=\"widget\" data-widget_type=\"heading.default\">\n\t\t\t\t<div class=\"elementor-widget-container\">\n\t\t\t\t\t<h3 class=\"elementor-heading-title elementor-size-default\">Alhambra de Granada<\/h3>\t\t\t\t<\/div>\n\t\t\t\t<\/div>\n\t\t\t\t<div class=\"elementor-element elementor-element-384a2c62 elementor-widget__width-initial elementor-widget elementor-widget-heading\" data-id=\"384a2c62\" data-element_type=\"widget\" data-e-type=\"widget\" data-widget_type=\"heading.default\">\n\t\t\t\t<div class=\"elementor-widget-container\">\n\t\t\t\t\t<p class=\"elementor-heading-title elementor-size-default\">Subir andando a primera hora de la ma\u00f1ana a la Alhambra, conocida como la octava maravilla del mundo y declarada Patrimonio de la Humanidad, es la mejor cosa que hacer en Granada. Y no te lo decimos por decir. Nosotros siempre que vamos a la ciudad, incluida la \u00faltima en una ruta por Andaluc\u00eda en coche, es algo que hacemos y que sigue sorprendi\u00e9ndonos.<br><br>Situado en lo alto de la colina al-Sabika con la Sierra Nevada de fondo, este imponente complejo formado por preciosos palacios, jardines y una fortaleza de estilo andalus\u00ed, fue construido por orden del Rey Nazar\u00ed Muhammad ben al-Ahmar en 1238 y despu\u00e9s de la reconquista cristiana pas\u00f3 de alojar al emir y la corte del Reino nazar\u00ed, a convertirse en residencia real Castellana, adem\u00e1s de hacerse varias reformas y ampliaciones.<br><br>Ten en cuenta que aunque parezca que est\u00e1 relativamente cerca en el mapa, debido a la situaci\u00f3n, si est\u00e1s alojado en el Albaic\u00edn tardar\u00e1s unos 20 minutos en llegar andando a la Puerta de la Justicia, uno de los accesos de la Alhambra, subiendo por la bonita Cuesta de Gom\u00e9rez.\nUna vez cruces la puerta, el itinerario que hagas depender\u00e1 de la hora a la que tengas el acceso a los Palacios Nazar\u00edes, la joya de la Alhambra y el \u00fanico edificio que tiene la entrada limitada por horas.<br><br>Si no tienes la entrada a primera hora, un buena opci\u00f3n es empezar por Palacio de Generalife que tiene dos patios y unos preciosos jardines, seguir por los impresionantes Palacios Nazar\u00edes, que incluye el Palacio de Carlos V y el Patio de los Leones, y terminar en la Alcazaba, la parte m\u00e1s antigua, que cuenta con varias torres desde donde tendr\u00e1s unas incre\u00edbles vistas de la ciudad.<\/p>\t\t\t\t<\/div>\n\t\t\t\t<\/div>\n\t\t\t\t<div class=\"elementor-element elementor-element-4a69b8b elementor-widget__width-initial elementor-widget elementor-widget-heading\" data-id=\"4a69b8b\" data-element_type=\"widget\" data-e-type=\"widget\" data-widget_type=\"heading.default\">\n\t\t\t\t<div class=\"elementor-widget-container\">\n\t\t\t\t\t<p class=\"elementor-heading-title elementor-size-default\">Te recomendamos leer este post sobre c\u00f3mo visitar la Alhambra de Granada para tener toda la informaci\u00f3n.<\/p>\t\t\t\t<\/div>\n\t\t\t\t<\/div>\n\t\t\t\t<div class=\"elementor-element elementor-element-6054324c elementor-widget__width-initial elementor-widget elementor-widget-heading\" data-id=\"6054324c\" data-element_type=\"widget\" data-e-type=\"widget\" data-widget_type=\"heading.default\">\n\t\t\t\t<div class=\"elementor-widget-container\">\n\t\t\t\t\t<p class=\"elementor-heading-title elementor-size-default\">Horario de visita: todos los d\u00edas de 8:30h a 20h horas del 1 de abril al 14 de octubre; el resto de d\u00edas cierra a las 18h.\nHorario de visita nocturna: de martes a s\u00e1bado de 22h a 23:30h del 1 de abril al 14 de octubre; el resto meses solo abre viernes y s\u00e1bado de 20h a 21:30h.\n<\/p>\t\t\t\t<\/div>\n\t\t\t\t<\/div>\n\t\t\t\t<div class=\"elementor-element elementor-element-707d2d8a elementor-widget elementor-widget-image\" data-id=\"707d2d8a\" data-element_type=\"widget\" data-e-type=\"widget\" data-widget_type=\"image.default\">\n\t\t\t\t<div class=\"elementor-widget-container\">\n\t\t\t\t\t\t\t\t\t\t\t\t\t\t\t<img decoding=\"async\" width=\"800\" height=\"533\" src=\"https:\/\/besuitesgranada.es\/wp-content\/uploads\/2025\/04\/palacios-nazaries-alhambra-granada.jpg\" class=\"attachment-full size-full wp-image-2009\" alt=\"\" srcset=\"https:\/\/besuitesgranada.es\/wp-content\/uploads\/2025\/04\/palacios-nazaries-alhambra-granada.jpg 800w, https:\/\/besuitesgranada.es\/wp-content\/uploads\/2025\/04\/palacios-nazaries-alhambra-granada-300x200.jpg 300w, https:\/\/besuitesgranada.es\/wp-content\/uploads\/2025\/04\/palacios-nazaries-alhambra-granada-768x512.jpg 768w, https:\/\/besuitesgranada.es\/wp-content\/uploads\/2025\/04\/palacios-nazaries-alhambra-granada-18x12.jpg 18w\" sizes=\"(max-width: 800px) 100vw, 800px\" \/>\t\t\t\t\t\t\t\t\t\t\t\t\t\t\t<\/div>\n\t\t\t\t<\/div>\n\t\t\t\t<\/div>\n\t\t\t\t<\/div>\n\t\t<div class=\"elementor-element elementor-element-3fa499a1 e-con-full e-flex e-con e-child\" data-id=\"3fa499a1\" data-element_type=\"container\" data-e-type=\"container\">\n\t\t<div class=\"elementor-element elementor-element-443e3041 e-con-full e-flex e-con e-child\" data-id=\"443e3041\" data-element_type=\"container\" data-e-type=\"container\" data-settings=\"{&quot;sticky&quot;:&quot;top&quot;,&quot;sticky_on&quot;:[&quot;desktop&quot;,&quot;tablet&quot;],&quot;sticky_parent&quot;:&quot;yes&quot;,&quot;sticky_offset&quot;:0,&quot;sticky_effects_offset&quot;:0,&quot;sticky_anchor_link_offset&quot;:0}\">\n\t\t\t\t<div class=\"elementor-element elementor-element-48d3d2b3 elementor-widget elementor-widget-image\" data-id=\"48d3d2b3\" data-element_type=\"widget\" data-e-type=\"widget\" data-widget_type=\"image.default\">\n\t\t\t\t<div class=\"elementor-widget-container\">\n\t\t\t\t\t\t\t\t\t\t\t\t\t\t\t<img decoding=\"async\" width=\"686\" height=\"386\" src=\"https:\/\/besuitesgranada.es\/wp-content\/uploads\/2025\/04\/hq720.jpg\" class=\"attachment-full size-full wp-image-2032\" alt=\"\" srcset=\"https:\/\/besuitesgranada.es\/wp-content\/uploads\/2025\/04\/hq720.jpg 686w, https:\/\/besuitesgranada.es\/wp-content\/uploads\/2025\/04\/hq720-300x169.jpg 300w, https:\/\/besuitesgranada.es\/wp-content\/uploads\/2025\/04\/hq720-18x10.jpg 18w\" sizes=\"(max-width: 686px) 100vw, 686px\" \/>\t\t\t\t\t\t\t\t\t\t\t\t\t\t\t<\/div>\n\t\t\t\t<\/div>\n\t\t\t\t<div class=\"elementor-element elementor-element-1f54b6dd elementor-widget elementor-widget-image\" data-id=\"1f54b6dd\" data-element_type=\"widget\" data-e-type=\"widget\" data-widget_type=\"image.default\">\n\t\t\t\t<div class=\"elementor-widget-container\">\n\t\t\t\t\t\t\t\t\t\t\t\t\t\t\t<img loading=\"lazy\" decoding=\"async\" width=\"720\" height=\"420\" src=\"https:\/\/besuitesgranada.es\/wp-content\/uploads\/2025\/04\/tren-turistico-mapa.png\" class=\"attachment-full size-full wp-image-2034\" alt=\"\" srcset=\"https:\/\/besuitesgranada.es\/wp-content\/uploads\/2025\/04\/tren-turistico-mapa.png 720w, https:\/\/besuitesgranada.es\/wp-content\/uploads\/2025\/04\/tren-turistico-mapa-300x175.png 300w, https:\/\/besuitesgranada.es\/wp-content\/uploads\/2025\/04\/tren-turistico-mapa-18x12.png 18w\" sizes=\"(max-width: 720px) 100vw, 720px\" \/>\t\t\t\t\t\t\t\t\t\t\t\t\t\t\t<\/div>\n\t\t\t\t<\/div>\n\t\t\t\t<\/div>\n\t\t\t\t<\/div>\n\t\t\t\t\t<\/div>\n\t\t\t\t<\/div>\n\t\t\t\t<\/div>\n\t\t","protected":false},"excerpt":{"rendered":"<p>Blog Granada &#8211; Espa\u00f1a donde la Historia Susurra entre las Monta\u00f1as de Sierra Nevada Lugares que ver en Granada imprescindibles [&hellip;]<\/p>\n","protected":false},"author":1,"featured_media":0,"parent":0,"menu_order":0,"comment_status":"closed","ping_status":"closed","template":"","meta":{"site-sidebar-layout":"no-sidebar","site-content-layout":"","ast-site-content-layout":"full-width-container","site-content-style":"default","site-sidebar-style":"default","ast-global-header-display":"","ast-banner-title-visibility":"","ast-main-header-display":"","ast-hfb-above-header-display":"","ast-hfb-below-header-display":"","ast-hfb-mobile-header-display":"","site-post-title":"disabled","ast-breadcrumbs-content":"","ast-featured-img":"disabled","footer-sml-layout":"","ast-disable-related-posts":"","theme-transparent-header-meta":"","adv-header-id-meta":"","stick-header-meta":"","header-above-stick-meta":"","header-main-stick-meta":"","header-below-stick-meta":"","astra-migrate-meta-layouts":"default","ast-page-background-enabled":"default","ast-page-background-meta":{"desktop":{"background-color":"var(--ast-global-color-4)","background-image":"","background-repeat":"repeat","background-position":"center center","background-size":"auto","background-attachment":"scroll","background-type":"","background-media":"","overlay-type":"","overlay-color":"","overlay-opacity":"","overlay-gradient":""},"tablet":{"background-color":"","background-image":"","background-repeat":"repeat","background-position":"center center","background-size":"auto","background-attachment":"scroll","background-type":"","background-media":"","overlay-type":"","overlay-color":"","overlay-opacity":"","overlay-gradient":""},"mobile":{"background-color":"","background-image":"","background-repeat":"repeat","background-position":"center center","background-size":"auto","background-attachment":"scroll","background-type":"","background-media":"","overlay-type":"","overlay-color":"","overlay-opacity":"","overlay-gradient":""}},"ast-content-background-meta":{"desktop":{"background-color":"var(--ast-global-color-5)","background-image":"","background-repeat":"repeat","background-position":"center center","background-size":"auto","background-attachment":"scroll","background-type":"","background-media":"","overlay-type":"","overlay-color":"","overlay-opacity":"","overlay-gradient":""},"tablet":{"background-color":"var(--ast-global-color-5)","background-image":"","background-repeat":"repeat","background-position":"center center","background-size":"auto","background-attachment":"scroll","background-type":"","background-media":"","overlay-type":"","overlay-color":"","overlay-opacity":"","overlay-gradient":""},"mobile":{"background-color":"var(--ast-global-color-5)","background-image":"","background-repeat":"repeat","background-position":"center center","background-size":"auto","background-attachment":"scroll","background-type":"","background-media":"","overlay-type":"","overlay-color":"","overlay-opacity":"","overlay-gradient":""}},"footnotes":""},"class_list":["post-2223","page","type-page","status-publish","hentry"],"_links":{"self":[{"href":"https:\/\/besuitesgranada.es\/en\/wp-json\/wp\/v2\/pages\/2223","targetHints":{"allow":["GET"]}}],"collection":[{"href":"https:\/\/besuitesgranada.es\/en\/wp-json\/wp\/v2\/pages"}],"about":[{"href":"https:\/\/besuitesgranada.es\/en\/wp-json\/wp\/v2\/types\/page"}],"author":[{"embeddable":true,"href":"https:\/\/besuitesgranada.es\/en\/wp-json\/wp\/v2\/users\/1"}],"replies":[{"embeddable":true,"href":"https:\/\/besuitesgranada.es\/en\/wp-json\/wp\/v2\/comments?post=2223"}],"version-history":[{"count":6,"href":"https:\/\/besuitesgranada.es\/en\/wp-json\/wp\/v2\/pages\/2223\/revisions"}],"predecessor-version":[{"id":2233,"href":"https:\/\/besuitesgranada.es\/en\/wp-json\/wp\/v2\/pages\/2223\/revisions\/2233"}],"wp:attachment":[{"href":"https:\/\/besuitesgranada.es\/en\/wp-json\/wp\/v2\/media?parent=2223"}],"curies":[{"name":"Wordpress","href":"https:\/\/api.w.org\/{rel}","templated":true}]}}