{"id":2224,"date":"2025-04-10T17:18:38","date_gmt":"2025-04-10T15:18:38","guid":{"rendered":"https:\/\/besuitesgranada.es\/?page_id=2224"},"modified":"2025-04-10T17:19:36","modified_gmt":"2025-04-10T15:19:36","slug":"lugares-que-ver-en-el-albaicin","status":"publish","type":"page","link":"https:\/\/besuitesgranada.es\/en\/lugares-que-ver-en-el-albaicin\/","title":{"rendered":"Places to see in the Albaic\u00edn"},"content":{"rendered":"\t\t<div data-elementor-type=\"wp-page\" data-elementor-id=\"2224\" class=\"elementor elementor-2224\" data-elementor-post-type=\"page\">\n\t\t\t\t<div class=\"elementor-element elementor-element-2b93c623 e-flex e-con-boxed e-con e-parent\" data-id=\"2b93c623\" data-element_type=\"container\" data-e-type=\"container\">\n\t\t\t\t\t<div class=\"e-con-inner\">\n\t\t\t\t<div class=\"elementor-element elementor-element-7c1a9d1a elementor-widget-mobile__width-initial elementor-widget elementor-widget-heading\" data-id=\"7c1a9d1a\" data-element_type=\"widget\" data-e-type=\"widget\" data-widget_type=\"heading.default\">\n\t\t\t\t<div class=\"elementor-widget-container\">\n\t\t\t\t\t<h1 class=\"elementor-heading-title elementor-size-default\">Blog<\/h1>\t\t\t\t<\/div>\n\t\t\t\t<\/div>\n\t\t\t\t<div class=\"elementor-element elementor-element-76da6e58 elementor-widget-mobile__width-initial elementor-widget elementor-widget-heading\" data-id=\"76da6e58\" data-element_type=\"widget\" data-e-type=\"widget\" data-widget_type=\"heading.default\">\n\t\t\t\t<div class=\"elementor-widget-container\">\n\t\t\t\t\t<p class=\"elementor-heading-title elementor-size-default\">Granada - Espa\u00f1a donde la Historia Susurra entre las Monta\u00f1as de Sierra Nevada<\/p>\t\t\t\t<\/div>\n\t\t\t\t<\/div>\n\t\t\t\t\t<\/div>\n\t\t\t\t<\/div>\n\t\t<div class=\"elementor-element elementor-element-32b1b9f3 e-flex e-con-boxed e-con e-parent\" data-id=\"32b1b9f3\" data-element_type=\"container\" data-e-type=\"container\">\n\t\t\t\t\t<div class=\"e-con-inner\">\n\t\t\t\t<div class=\"elementor-element elementor-element-3e18249a elementor-widget elementor-widget-image\" data-id=\"3e18249a\" data-element_type=\"widget\" data-e-type=\"widget\" data-widget_type=\"image.default\">\n\t\t\t\t<div class=\"elementor-widget-container\">\n\t\t\t\t\t\t\t\t\t\t\t\t\t\t\t<img fetchpriority=\"high\" decoding=\"async\" width=\"1920\" height=\"533\" src=\"https:\/\/besuitesgranada.es\/wp-content\/uploads\/2025\/04\/Cicerone-Cabecera-Otras.jpg.webp\" class=\"attachment-full size-full wp-image-2019\" alt=\"\" srcset=\"https:\/\/besuitesgranada.es\/wp-content\/uploads\/2025\/04\/Cicerone-Cabecera-Otras.jpg.webp 1920w, https:\/\/besuitesgranada.es\/wp-content\/uploads\/2025\/04\/Cicerone-Cabecera-Otras.jpg-300x83.webp 300w, https:\/\/besuitesgranada.es\/wp-content\/uploads\/2025\/04\/Cicerone-Cabecera-Otras.jpg-1024x284.webp 1024w, https:\/\/besuitesgranada.es\/wp-content\/uploads\/2025\/04\/Cicerone-Cabecera-Otras.jpg-768x213.webp 768w, https:\/\/besuitesgranada.es\/wp-content\/uploads\/2025\/04\/Cicerone-Cabecera-Otras.jpg-1536x426.webp 1536w, https:\/\/besuitesgranada.es\/wp-content\/uploads\/2025\/04\/Cicerone-Cabecera-Otras.jpg-18x5.webp 18w\" sizes=\"(max-width: 1920px) 100vw, 1920px\" \/>\t\t\t\t\t\t\t\t\t\t\t\t\t\t\t<\/div>\n\t\t\t\t<\/div>\n\t\t\t\t\t<\/div>\n\t\t\t\t<\/div>\n\t\t<div class=\"elementor-element elementor-element-591152ca e-flex e-con-boxed e-con e-parent\" data-id=\"591152ca\" data-element_type=\"container\" data-e-type=\"container\">\n\t\t\t\t\t<div class=\"e-con-inner\">\n\t\t<div class=\"elementor-element elementor-element-7233792d e-con-full e-flex e-con e-child\" data-id=\"7233792d\" data-element_type=\"container\" data-e-type=\"container\">\n\t\t<div class=\"elementor-element elementor-element-3a2422d2 e-con-full e-flex e-con e-child\" data-id=\"3a2422d2\" data-element_type=\"container\" data-e-type=\"container\">\n\t\t\t\t<div class=\"elementor-element elementor-element-74a2ec0a elementor-widget-mobile__width-initial elementor-widget elementor-widget-heading\" data-id=\"74a2ec0a\" data-element_type=\"widget\" data-e-type=\"widget\" data-widget_type=\"heading.default\">\n\t\t\t\t<div class=\"elementor-widget-container\">\n\t\t\t\t\t<h2 class=\"elementor-heading-title elementor-size-default\">Lugares que ver en el Albaic\u00edn (Granada)<\/h2>\t\t\t\t<\/div>\n\t\t\t\t<\/div>\n\t\t\t\t<div class=\"elementor-element elementor-element-16166682 elementor-widget__width-initial elementor-widget elementor-widget-heading\" data-id=\"16166682\" data-element_type=\"widget\" data-e-type=\"widget\" data-widget_type=\"heading.default\">\n\t\t\t\t<div class=\"elementor-widget-container\">\n\t\t\t\t\t<p class=\"elementor-heading-title elementor-size-default\">Con esta selecci\u00f3n de lugares que ver en el Albaic\u00edn saldr\u00e1s completamente enamorado de este precioso barrio granadino.<br><br>Una gu\u00eda de las mejores cosas que visitar en Granada nunca estar\u00eda completa sin incluir el Albaic\u00edn o Albayz\u00edn. Este es el barrio m\u00e1s antiguo de la ciudad y, no en vano, fue declarado Patrimonio de la Humanidad por la Unesco. Perderse por sus laber\u00ednticas calles significa explorar la singular mezcla de culturas que por \u00e9l pasaron: \u00e1rabes, \u00edberos, griegos, romanos y visigodos. Adem\u00e1s, debido a su orograf\u00eda, en \u00e9l encontrar\u00e1s fabulosos miradores desde los que se obtiene una impresionante panor\u00e1mica de la Alhambra y el resto de Granada.\n\n<\/p>\t\t\t\t<\/div>\n\t\t\t\t<\/div>\n\t\t\t\t<div class=\"elementor-element elementor-element-7df031f5 elementor-widget elementor-widget-image\" data-id=\"7df031f5\" data-element_type=\"widget\" data-e-type=\"widget\" data-widget_type=\"image.default\">\n\t\t\t\t<div class=\"elementor-widget-container\">\n\t\t\t\t\t\t\t\t\t\t\t\t\t\t\t<img decoding=\"async\" width=\"1140\" height=\"300\" src=\"https:\/\/besuitesgranada.es\/wp-content\/uploads\/2025\/04\/el-barrio-del-albaicin.jpg\" class=\"attachment-full size-full wp-image-1995\" alt=\"\" srcset=\"https:\/\/besuitesgranada.es\/wp-content\/uploads\/2025\/04\/el-barrio-del-albaicin.jpg 1140w, https:\/\/besuitesgranada.es\/wp-content\/uploads\/2025\/04\/el-barrio-del-albaicin-300x79.jpg 300w, https:\/\/besuitesgranada.es\/wp-content\/uploads\/2025\/04\/el-barrio-del-albaicin-1024x269.jpg 1024w, https:\/\/besuitesgranada.es\/wp-content\/uploads\/2025\/04\/el-barrio-del-albaicin-768x202.jpg 768w, https:\/\/besuitesgranada.es\/wp-content\/uploads\/2025\/04\/el-barrio-del-albaicin-18x5.jpg 18w\" sizes=\"(max-width: 1140px) 100vw, 1140px\" \/>\t\t\t\t\t\t\t\t\t\t\t\t\t\t\t<\/div>\n\t\t\t\t<\/div>\n\t\t\t\t<div class=\"elementor-element elementor-element-c208ab elementor-widget__width-initial elementor-widget elementor-widget-heading\" data-id=\"c208ab\" data-element_type=\"widget\" data-e-type=\"widget\" data-widget_type=\"heading.default\">\n\t\t\t\t<div class=\"elementor-widget-container\">\n\t\t\t\t\t<p class=\"elementor-heading-title elementor-size-default\">Visitar el Albaic\u00edn tambi\u00e9n implica descubrir una cultura muy arraigada en sus tabernas, teter\u00edas y tablaos de flamenco. Por eso, cuesta trabajo responder la pregunta de cu\u00e1nto se tarda en ver el Albaic\u00edn. Podr\u00edas pasarte solo unas horas, pero tambi\u00e9n uno o dos d\u00edas disfrutando de todo lo que tiene para ofrecer. Lo que s\u00ed podemos asegurarte es que, en ning\u00fan momento, vas a sentir que le est\u00e1s dedicando mucho tiempo. Es un barrio que atrapa.<br><br>Bas\u00e1ndonos en nuestras visitas a esta fant\u00e1stica ciudad, que pensamos que es una de las mejores que ver en Andaluc\u00eda, en esta ocasi\u00f3n queremos contarte qu\u00e9 hacer en el Albaic\u00edn. Te hablaremos de los lugares m\u00e1s recomendados, pero tambi\u00e9n algunos fuera de ruta, consejos sobre restaurantes y alojamientos que har\u00e1n tu experiencia a\u00fan m\u00e1s especial. \u00a1Empezamos!\n<\/p>\t\t\t\t<\/div>\n\t\t\t\t<\/div>\n\t\t\t\t<\/div>\n\t\t\t\t<\/div>\n\t\t<div class=\"elementor-element elementor-element-451dfa94 e-con-full e-flex e-con e-child\" data-id=\"451dfa94\" data-element_type=\"container\" data-e-type=\"container\">\n\t\t<div class=\"elementor-element elementor-element-6494890f e-con-full e-flex e-con e-child\" data-id=\"6494890f\" data-element_type=\"container\" data-e-type=\"container\" data-settings=\"{&quot;sticky&quot;:&quot;top&quot;,&quot;sticky_on&quot;:[&quot;desktop&quot;,&quot;tablet&quot;],&quot;sticky_parent&quot;:&quot;yes&quot;,&quot;sticky_offset&quot;:0,&quot;sticky_effects_offset&quot;:0,&quot;sticky_anchor_link_offset&quot;:0}\">\n\t\t\t\t<div class=\"elementor-element elementor-element-7a8218ef elementor-widget elementor-widget-image\" data-id=\"7a8218ef\" data-element_type=\"widget\" data-e-type=\"widget\" data-widget_type=\"image.default\">\n\t\t\t\t<div class=\"elementor-widget-container\">\n\t\t\t\t\t\t\t\t\t\t\t\t\t\t\t<img decoding=\"async\" width=\"686\" height=\"386\" src=\"https:\/\/besuitesgranada.es\/wp-content\/uploads\/2025\/04\/hq720.jpg\" class=\"attachment-full size-full wp-image-2032\" alt=\"\" srcset=\"https:\/\/besuitesgranada.es\/wp-content\/uploads\/2025\/04\/hq720.jpg 686w, https:\/\/besuitesgranada.es\/wp-content\/uploads\/2025\/04\/hq720-300x169.jpg 300w, https:\/\/besuitesgranada.es\/wp-content\/uploads\/2025\/04\/hq720-18x10.jpg 18w\" sizes=\"(max-width: 686px) 100vw, 686px\" \/>\t\t\t\t\t\t\t\t\t\t\t\t\t\t\t<\/div>\n\t\t\t\t<\/div>\n\t\t\t\t<div class=\"elementor-element elementor-element-1f0ebc66 elementor-widget elementor-widget-image\" data-id=\"1f0ebc66\" data-element_type=\"widget\" data-e-type=\"widget\" data-widget_type=\"image.default\">\n\t\t\t\t<div class=\"elementor-widget-container\">\n\t\t\t\t\t\t\t\t\t\t\t\t\t\t\t<img loading=\"lazy\" decoding=\"async\" width=\"720\" height=\"420\" src=\"https:\/\/besuitesgranada.es\/wp-content\/uploads\/2025\/04\/tren-turistico-mapa.png\" class=\"attachment-full size-full wp-image-2034\" alt=\"\" srcset=\"https:\/\/besuitesgranada.es\/wp-content\/uploads\/2025\/04\/tren-turistico-mapa.png 720w, https:\/\/besuitesgranada.es\/wp-content\/uploads\/2025\/04\/tren-turistico-mapa-300x175.png 300w, https:\/\/besuitesgranada.es\/wp-content\/uploads\/2025\/04\/tren-turistico-mapa-18x12.png 18w\" sizes=\"(max-width: 720px) 100vw, 720px\" \/>\t\t\t\t\t\t\t\t\t\t\t\t\t\t\t<\/div>\n\t\t\t\t<\/div>\n\t\t\t\t<\/div>\n\t\t\t\t<\/div>\n\t\t\t\t\t<\/div>\n\t\t\t\t<\/div>\n\t\t\t\t<\/div>\n\t\t","protected":false},"excerpt":{"rendered":"<p>Blog Granada &#8211; Espa\u00f1a donde la Historia Susurra entre las Monta\u00f1as de Sierra Nevada Lugares que ver en el Albaic\u00edn [&hellip;]<\/p>\n","protected":false},"author":1,"featured_media":0,"parent":0,"menu_order":0,"comment_status":"closed","ping_status":"closed","template":"","meta":{"site-sidebar-layout":"no-sidebar","site-content-layout":"","ast-site-content-layout":"full-width-container","site-content-style":"default","site-sidebar-style":"default","ast-global-header-display":"","ast-banner-title-visibility":"","ast-main-header-display":"","ast-hfb-above-header-display":"","ast-hfb-below-header-display":"","ast-hfb-mobile-header-display":"","site-post-title":"disabled","ast-breadcrumbs-content":"","ast-featured-img":"disabled","footer-sml-layout":"","ast-disable-related-posts":"","theme-transparent-header-meta":"","adv-header-id-meta":"","stick-header-meta":"","header-above-stick-meta":"","header-main-stick-meta":"","header-below-stick-meta":"","astra-migrate-meta-layouts":"default","ast-page-background-enabled":"default","ast-page-background-meta":{"desktop":{"background-color":"var(--ast-global-color-4)","background-image":"","background-repeat":"repeat","background-position":"center center","background-size":"auto","background-attachment":"scroll","background-type":"","background-media":"","overlay-type":"","overlay-color":"","overlay-opacity":"","overlay-gradient":""},"tablet":{"background-color":"","background-image":"","background-repeat":"repeat","background-position":"center center","background-size":"auto","background-attachment":"scroll","background-type":"","background-media":"","overlay-type":"","overlay-color":"","overlay-opacity":"","overlay-gradient":""},"mobile":{"background-color":"","background-image":"","background-repeat":"repeat","background-position":"center center","background-size":"auto","background-attachment":"scroll","background-type":"","background-media":"","overlay-type":"","overlay-color":"","overlay-opacity":"","overlay-gradient":""}},"ast-content-background-meta":{"desktop":{"background-color":"var(--ast-global-color-5)","background-image":"","background-repeat":"repeat","background-position":"center center","background-size":"auto","background-attachment":"scroll","background-type":"","background-media":"","overlay-type":"","overlay-color":"","overlay-opacity":"","overlay-gradient":""},"tablet":{"background-color":"var(--ast-global-color-5)","background-image":"","background-repeat":"repeat","background-position":"center center","background-size":"auto","background-attachment":"scroll","background-type":"","background-media":"","overlay-type":"","overlay-color":"","overlay-opacity":"","overlay-gradient":""},"mobile":{"background-color":"var(--ast-global-color-5)","background-image":"","background-repeat":"repeat","background-position":"center center","background-size":"auto","background-attachment":"scroll","background-type":"","background-media":"","overlay-type":"","overlay-color":"","overlay-opacity":"","overlay-gradient":""}},"footnotes":""},"class_list":["post-2224","page","type-page","status-publish","hentry"],"_links":{"self":[{"href":"https:\/\/besuitesgranada.es\/en\/wp-json\/wp\/v2\/pages\/2224","targetHints":{"allow":["GET"]}}],"collection":[{"href":"https:\/\/besuitesgranada.es\/en\/wp-json\/wp\/v2\/pages"}],"about":[{"href":"https:\/\/besuitesgranada.es\/en\/wp-json\/wp\/v2\/types\/page"}],"author":[{"embeddable":true,"href":"https:\/\/besuitesgranada.es\/en\/wp-json\/wp\/v2\/users\/1"}],"replies":[{"embeddable":true,"href":"https:\/\/besuitesgranada.es\/en\/wp-json\/wp\/v2\/comments?post=2224"}],"version-history":[{"count":3,"href":"https:\/\/besuitesgranada.es\/en\/wp-json\/wp\/v2\/pages\/2224\/revisions"}],"predecessor-version":[{"id":2230,"href":"https:\/\/besuitesgranada.es\/en\/wp-json\/wp\/v2\/pages\/2224\/revisions\/2230"}],"wp:attachment":[{"href":"https:\/\/besuitesgranada.es\/en\/wp-json\/wp\/v2\/media?parent=2224"}],"curies":[{"name":"Wordpress","href":"https:\/\/api.w.org\/{rel}","templated":true}]}}